{"id":56,"date":"2020-03-30T13:20:23","date_gmt":"2020-03-30T11:20:23","guid":{"rendered":"https:\/\/www.its-projekt.de\/_preview_\/?page_id=56"},"modified":"2023-02-24T15:43:06","modified_gmt":"2023-02-24T14:43:06","slug":"stuttgart-21-construction-site-tours","status":"publish","type":"page","link":"https:\/\/www.its-projekt.de\/en\/our-offer\/stuttgart-21-construction-site-tours\/","title":{"rendered":"Tours"},"content":{"rendered":"","protected":false},"excerpt":{"rendered":"","protected":false},"author":1,"featured_media":0,"parent":35,"menu_order":3,"comment_status":"closed","ping_status":"closed","template":"","meta":{"footnotes":""},"class_list":["post-56","page","type-page","status-publish","hentry"],"yoast_head":"<!-- This site is optimized with the Yoast SEO plugin v20.1 - https:\/\/yoast.com\/wordpress\/plugins\/seo\/ -->\n<title>Stuttgart 21 Offizielle Baustellenf\u00fchrungen - Infoturm Stuttgart<\/title>\n<meta name=\"description\" content=\"Ausstellungs- und Baustellenf\u00fchrungen bieten faszinierende Einblicke und spannende Hintergr\u00fcnde rund um das Bahnprojekt Stuttgart-Ulm.\" \/>\n<meta name=\"robots\" content=\"index, follow, max-snippet:-1, max-image-preview:large, max-video-preview:-1\" \/>\n<link rel=\"canonical\" href=\"https:\/\/www.its-projekt.de\/en\/our-offer\/stuttgart-21-construction-site-tours\/\" \/>\n<meta property=\"og:locale\" content=\"en_US\" \/>\n<meta property=\"og:type\" content=\"article\" \/>\n<meta property=\"og:title\" content=\"Stuttgart 21 Offizielle Baustellenf\u00fchrungen - Infoturm Stuttgart\" \/>\n<meta property=\"og:description\" content=\"Ausstellungs- und Baustellenf\u00fchrungen bieten faszinierende Einblicke und spannende Hintergr\u00fcnde rund um das Bahnprojekt Stuttgart-Ulm.\" \/>\n<meta property=\"og:url\" content=\"https:\/\/www.its-projekt.de\/en\/our-offer\/stuttgart-21-construction-site-tours\/\" \/>\n<meta property=\"og:site_name\" content=\"InfoTurmStuttgart\" \/>\n<meta property=\"article:modified_time\" content=\"2023-02-24T14:43:06+00:00\" \/>\n<meta name=\"twitter:card\" content=\"summary_large_image\" \/>\n<script type=\"application\/ld+json\" class=\"yoast-schema-graph\">{\"@context\":\"https:\/\/schema.org\",\"@graph\":[{\"@type\":\"WebPage\",\"@id\":\"https:\/\/www.its-projekt.de\/unser-angebot\/stuttgart-21-baustellenfuehrungen\/\",\"url\":\"https:\/\/www.its-projekt.de\/unser-angebot\/stuttgart-21-baustellenfuehrungen\/\",\"name\":\"Stuttgart 21 Offizielle Baustellenf\u00fchrungen - Infoturm Stuttgart\",\"isPartOf\":{\"@id\":\"https:\/\/www.its-projekt.de\/#website\"},\"datePublished\":\"2020-03-30T11:20:23+00:00\",\"dateModified\":\"2023-02-24T14:43:06+00:00\",\"description\":\"Ausstellungs- und Baustellenf\u00fchrungen bieten faszinierende Einblicke und spannende Hintergr\u00fcnde rund um das Bahnprojekt Stuttgart-Ulm.\",\"breadcrumb\":{\"@id\":\"https:\/\/www.its-projekt.de\/unser-angebot\/stuttgart-21-baustellenfuehrungen\/#breadcrumb\"},\"inLanguage\":\"en-US\",\"potentialAction\":[{\"@type\":\"ReadAction\",\"target\":[\"https:\/\/www.its-projekt.de\/unser-angebot\/stuttgart-21-baustellenfuehrungen\/\"]}]},{\"@type\":\"BreadcrumbList\",\"@id\":\"https:\/\/www.its-projekt.de\/unser-angebot\/stuttgart-21-baustellenfuehrungen\/#breadcrumb\",\"itemListElement\":[{\"@type\":\"ListItem\",\"position\":1,\"name\":\"Startseite\",\"item\":\"https:\/\/www.its-projekt.de\/\"},{\"@type\":\"ListItem\",\"position\":2,\"name\":\"Unser Angebot\",\"item\":\"https:\/\/www.its-projekt.de\/unser-angebot\/\"},{\"@type\":\"ListItem\",\"position\":3,\"name\":\"F\u00fchrungen\"}]},{\"@type\":\"WebSite\",\"@id\":\"https:\/\/www.its-projekt.de\/#website\",\"url\":\"https:\/\/www.its-projekt.de\/\",\"name\":\"InfoTurmStuttgart\",\"description\":\"\",\"potentialAction\":[{\"@type\":\"SearchAction\",\"target\":{\"@type\":\"EntryPoint\",\"urlTemplate\":\"https:\/\/www.its-projekt.de\/?s={search_term_string}\"},\"query-input\":\"required name=search_term_string\"}],\"inLanguage\":\"en-US\"}]}<\/script>\n<!-- \/ Yoast SEO plugin. -->","yoast_head_json":{"title":"Stuttgart 21 Official Construction Site Tours - Infoturm Stuttgart","description":"Guided tours of exhibitions and construction sites offer fascinating insights and exciting background information on the Stuttgart-Ulm rail project.","robots":{"index":"index","follow":"follow","max-snippet":"max-snippet:-1","max-image-preview":"max-image-preview:large","max-video-preview":"max-video-preview:-1"},"canonical":"https:\/\/www.its-projekt.de\/en\/our-offer\/stuttgart-21-construction-site-tours\/","og_locale":"en_US","og_type":"article","og_title":"Stuttgart 21 Offizielle Baustellenf\u00fchrungen - Infoturm Stuttgart","og_description":"Ausstellungs- und Baustellenf\u00fchrungen bieten faszinierende Einblicke und spannende Hintergr\u00fcnde rund um das Bahnprojekt Stuttgart-Ulm.","og_url":"https:\/\/www.its-projekt.de\/en\/our-offer\/stuttgart-21-construction-site-tours\/","og_site_name":"InfoTurmStuttgart","article_modified_time":"2023-02-24T14:43:06+00:00","twitter_card":"summary_large_image","schema":{"@context":"https:\/\/schema.org","@graph":[{"@type":"WebPage","@id":"https:\/\/www.its-projekt.de\/unser-angebot\/stuttgart-21-baustellenfuehrungen\/","url":"https:\/\/www.its-projekt.de\/unser-angebot\/stuttgart-21-baustellenfuehrungen\/","name":"Stuttgart 21 Official Construction Site Tours - Infoturm Stuttgart","isPartOf":{"@id":"https:\/\/www.its-projekt.de\/#website"},"datePublished":"2020-03-30T11:20:23+00:00","dateModified":"2023-02-24T14:43:06+00:00","description":"Guided tours of exhibitions and construction sites offer fascinating insights and exciting background information on the Stuttgart-Ulm rail project.","breadcrumb":{"@id":"https:\/\/www.its-projekt.de\/unser-angebot\/stuttgart-21-baustellenfuehrungen\/#breadcrumb"},"inLanguage":"en-US","potentialAction":[{"@type":"ReadAction","target":["https:\/\/www.its-projekt.de\/unser-angebot\/stuttgart-21-baustellenfuehrungen\/"]}]},{"@type":"BreadcrumbList","@id":"https:\/\/www.its-projekt.de\/unser-angebot\/stuttgart-21-baustellenfuehrungen\/#breadcrumb","itemListElement":[{"@type":"ListItem","position":1,"name":"Startseite","item":"https:\/\/www.its-projekt.de\/"},{"@type":"ListItem","position":2,"name":"Unser Angebot","item":"https:\/\/www.its-projekt.de\/unser-angebot\/"},{"@type":"ListItem","position":3,"name":"F\u00fchrungen"}]},{"@type":"WebSite","@id":"https:\/\/www.its-projekt.de\/#website","url":"https:\/\/www.its-projekt.de\/","name":"InfoTurmStuttgart","description":"","potentialAction":[{"@type":"SearchAction","target":{"@type":"EntryPoint","urlTemplate":"https:\/\/www.its-projekt.de\/?s={search_term_string}"},"query-input":"required name=search_term_string"}],"inLanguage":"en-US"}]}},"_links":{"self":[{"href":"https:\/\/www.its-projekt.de\/en\/wp-json\/wp\/v2\/pages\/56","targetHints":{"allow":["GET"]}}],"collection":[{"href":"https:\/\/www.its-projekt.de\/en\/wp-json\/wp\/v2\/pages"}],"about":[{"href":"https:\/\/www.its-projekt.de\/en\/wp-json\/wp\/v2\/types\/page"}],"author":[{"embeddable":true,"href":"https:\/\/www.its-projekt.de\/en\/wp-json\/wp\/v2\/users\/1"}],"replies":[{"embeddable":true,"href":"https:\/\/www.its-projekt.de\/en\/wp-json\/wp\/v2\/comments?post=56"}],"version-history":[{"count":170,"href":"https:\/\/www.its-projekt.de\/en\/wp-json\/wp\/v2\/pages\/56\/revisions"}],"predecessor-version":[{"id":8962,"href":"https:\/\/www.its-projekt.de\/en\/wp-json\/wp\/v2\/pages\/56\/revisions\/8962"}],"up":[{"embeddable":true,"href":"https:\/\/www.its-projekt.de\/en\/wp-json\/wp\/v2\/pages\/35"}],"wp:attachment":[{"href":"https:\/\/www.its-projekt.de\/en\/wp-json\/wp\/v2\/media?parent=56"}],"curies":[{"name":"wp","href":"https:\/\/api.w.org\/{rel}","templated":true}]}}