{"id":35,"date":"2020-03-26T14:41:47","date_gmt":"2020-03-26T13:41:47","guid":{"rendered":"https:\/\/www.its-projekt.de\/_preview_\/?page_id=35"},"modified":"2026-03-03T17:59:15","modified_gmt":"2026-03-03T16:59:15","slug":"our-offer","status":"publish","type":"page","link":"https:\/\/www.its-projekt.de\/en\/our-offer\/","title":{"rendered":"Our offer"},"content":{"rendered":"","protected":false},"excerpt":{"rendered":"","protected":false},"author":1,"featured_media":0,"parent":0,"menu_order":20,"comment_status":"closed","ping_status":"closed","template":"","meta":{"footnotes":""},"class_list":["post-35","page","type-page","status-publish","hentry"],"yoast_head":"<!-- This site is optimized with the Yoast SEO plugin v20.1 - https:\/\/yoast.com\/wordpress\/plugins\/seo\/ -->\n<title>Unser Angebot - Bahnprojekt Stuttgart-Ulm erleben - ITS<\/title>\n<meta name=\"description\" content=\"Erlebet eines der gr\u00f6\u00dften und spektakul\u00e4rsten Infrastrukturprojekte Europas auf unterschiedlichste Art und Weise.\" \/>\n<meta name=\"robots\" content=\"index, follow, max-snippet:-1, max-image-preview:large, max-video-preview:-1\" \/>\n<link rel=\"canonical\" href=\"https:\/\/www.its-projekt.de\/en\/our-offer\/\" \/>\n<meta property=\"og:locale\" content=\"en_US\" \/>\n<meta property=\"og:type\" content=\"article\" \/>\n<meta property=\"og:title\" content=\"Unser Angebot - Bahnprojekt Stuttgart-Ulm erleben - ITS\" \/>\n<meta property=\"og:description\" content=\"Erlebet eines der gr\u00f6\u00dften und spektakul\u00e4rsten Infrastrukturprojekte Europas auf unterschiedlichste Art und Weise.\" \/>\n<meta property=\"og:url\" content=\"https:\/\/www.its-projekt.de\/en\/our-offer\/\" \/>\n<meta property=\"og:site_name\" content=\"InfoTurmStuttgart\" \/>\n<meta property=\"article:modified_time\" content=\"2026-03-03T16:59:15+00:00\" \/>\n<meta name=\"twitter:card\" content=\"summary_large_image\" \/>\n<script type=\"application\/ld+json\" class=\"yoast-schema-graph\">{\"@context\":\"https:\/\/schema.org\",\"@graph\":[{\"@type\":\"WebPage\",\"@id\":\"https:\/\/www.its-projekt.de\/unser-angebot\/\",\"url\":\"https:\/\/www.its-projekt.de\/unser-angebot\/\",\"name\":\"Unser Angebot - Bahnprojekt Stuttgart-Ulm erleben - ITS\",\"isPartOf\":{\"@id\":\"https:\/\/www.its-projekt.de\/#website\"},\"datePublished\":\"2020-03-26T13:41:47+00:00\",\"dateModified\":\"2026-03-03T16:59:15+00:00\",\"description\":\"Erlebet eines der gr\u00f6\u00dften und spektakul\u00e4rsten Infrastrukturprojekte Europas auf unterschiedlichste Art und Weise.\",\"breadcrumb\":{\"@id\":\"https:\/\/www.its-projekt.de\/unser-angebot\/#breadcrumb\"},\"inLanguage\":\"en-US\",\"potentialAction\":[{\"@type\":\"ReadAction\",\"target\":[\"https:\/\/www.its-projekt.de\/unser-angebot\/\"]}]},{\"@type\":\"BreadcrumbList\",\"@id\":\"https:\/\/www.its-projekt.de\/unser-angebot\/#breadcrumb\",\"itemListElement\":[{\"@type\":\"ListItem\",\"position\":1,\"name\":\"Startseite\",\"item\":\"https:\/\/www.its-projekt.de\/\"},{\"@type\":\"ListItem\",\"position\":2,\"name\":\"Unser Angebot\"}]},{\"@type\":\"WebSite\",\"@id\":\"https:\/\/www.its-projekt.de\/#website\",\"url\":\"https:\/\/www.its-projekt.de\/\",\"name\":\"InfoTurmStuttgart\",\"description\":\"\",\"potentialAction\":[{\"@type\":\"SearchAction\",\"target\":{\"@type\":\"EntryPoint\",\"urlTemplate\":\"https:\/\/www.its-projekt.de\/?s={search_term_string}\"},\"query-input\":\"required name=search_term_string\"}],\"inLanguage\":\"en-US\"}]}<\/script>\n<!-- \/ Yoast SEO plugin. -->","yoast_head_json":{"title":"Our offer - Experience the Stuttgart-Ulm rail project - ITS","description":"Experience one of the largest and most spectacular infrastructure projects in Europe in a variety of ways.","robots":{"index":"index","follow":"follow","max-snippet":"max-snippet:-1","max-image-preview":"max-image-preview:large","max-video-preview":"max-video-preview:-1"},"canonical":"https:\/\/www.its-projekt.de\/en\/our-offer\/","og_locale":"en_US","og_type":"article","og_title":"Unser Angebot - Bahnprojekt Stuttgart-Ulm erleben - ITS","og_description":"Erlebet eines der gr\u00f6\u00dften und spektakul\u00e4rsten Infrastrukturprojekte Europas auf unterschiedlichste Art und Weise.","og_url":"https:\/\/www.its-projekt.de\/en\/our-offer\/","og_site_name":"InfoTurmStuttgart","article_modified_time":"2026-03-03T16:59:15+00:00","twitter_card":"summary_large_image","schema":{"@context":"https:\/\/schema.org","@graph":[{"@type":"WebPage","@id":"https:\/\/www.its-projekt.de\/unser-angebot\/","url":"https:\/\/www.its-projekt.de\/unser-angebot\/","name":"Our offer - Experience the Stuttgart-Ulm rail project - ITS","isPartOf":{"@id":"https:\/\/www.its-projekt.de\/#website"},"datePublished":"2020-03-26T13:41:47+00:00","dateModified":"2026-03-03T16:59:15+00:00","description":"Experience one of the largest and most spectacular infrastructure projects in Europe in a variety of ways.","breadcrumb":{"@id":"https:\/\/www.its-projekt.de\/unser-angebot\/#breadcrumb"},"inLanguage":"en-US","potentialAction":[{"@type":"ReadAction","target":["https:\/\/www.its-projekt.de\/unser-angebot\/"]}]},{"@type":"BreadcrumbList","@id":"https:\/\/www.its-projekt.de\/unser-angebot\/#breadcrumb","itemListElement":[{"@type":"ListItem","position":1,"name":"Startseite","item":"https:\/\/www.its-projekt.de\/"},{"@type":"ListItem","position":2,"name":"Unser Angebot"}]},{"@type":"WebSite","@id":"https:\/\/www.its-projekt.de\/#website","url":"https:\/\/www.its-projekt.de\/","name":"InfoTurmStuttgart","description":"","potentialAction":[{"@type":"SearchAction","target":{"@type":"EntryPoint","urlTemplate":"https:\/\/www.its-projekt.de\/?s={search_term_string}"},"query-input":"required name=search_term_string"}],"inLanguage":"en-US"}]}},"_links":{"self":[{"href":"https:\/\/www.its-projekt.de\/en\/wp-json\/wp\/v2\/pages\/35","targetHints":{"allow":["GET"]}}],"collection":[{"href":"https:\/\/www.its-projekt.de\/en\/wp-json\/wp\/v2\/pages"}],"about":[{"href":"https:\/\/www.its-projekt.de\/en\/wp-json\/wp\/v2\/types\/page"}],"author":[{"embeddable":true,"href":"https:\/\/www.its-projekt.de\/en\/wp-json\/wp\/v2\/users\/1"}],"replies":[{"embeddable":true,"href":"https:\/\/www.its-projekt.de\/en\/wp-json\/wp\/v2\/comments?post=35"}],"version-history":[{"count":43,"href":"https:\/\/www.its-projekt.de\/en\/wp-json\/wp\/v2\/pages\/35\/revisions"}],"predecessor-version":[{"id":9446,"href":"https:\/\/www.its-projekt.de\/en\/wp-json\/wp\/v2\/pages\/35\/revisions\/9446"}],"wp:attachment":[{"href":"https:\/\/www.its-projekt.de\/en\/wp-json\/wp\/v2\/media?parent=35"}],"curies":[{"name":"wp","href":"https:\/\/api.w.org\/{rel}","templated":true}]}}